{"id":4360,"date":"2023-12-18T19:56:19","date_gmt":"2023-12-18T18:56:19","guid":{"rendered":"http:\/\/wlodarczykubezpieczenia.pl\/?page_id=4360"},"modified":"2024-04-11T14:06:11","modified_gmt":"2024-04-11T12:06:11","slug":"polec-nas-znajomym","status":"publish","type":"page","link":"https:\/\/wlodarczykubezpieczenia.pl\/?page_id=4360","title":{"rendered":"Pole\u0107 nas znajomym"},"content":{"rendered":"\t\t<div data-elementor-type=\"wp-page\" data-elementor-id=\"4360\" class=\"elementor elementor-4360\" data-elementor-post-type=\"page\">\n\t\t\t\t<div class=\"elementor-element elementor-element-dd6e501 e-flex e-con-boxed e-con e-parent\" data-id=\"dd6e501\" data-element_type=\"container\" data-e-type=\"container\">\n\t\t\t\t\t<div class=\"e-con-inner\">\n\t\t\t\t<div class=\"elementor-element elementor-element-63b15db elementor-widget elementor-widget-shortcode\" data-id=\"63b15db\" data-element_type=\"widget\" data-e-type=\"widget\" data-widget_type=\"shortcode.default\">\n\t\t\t\t<div class=\"elementor-widget-container\">\n\t\t\t\t\t\t\t<div class=\"elementor-shortcode\">  <\/div>\n\t\t\t\t\t\t<\/div>\n\t\t\t\t<\/div>\n\t\t\t\t\t<\/div>\n\t\t\t\t<\/div>\n\t\t<div class=\"elementor-element elementor-element-75e3e5b7 e-con-full e-flex e-con e-parent\" data-id=\"75e3e5b7\" data-element_type=\"container\" data-e-type=\"container\">\n\t\t<div class=\"elementor-element elementor-element-22e0d66d e-flex e-con-boxed e-con e-child\" data-id=\"22e0d66d\" data-element_type=\"container\" data-e-type=\"container\">\n\t\t\t\t\t<div class=\"e-con-inner\">\n\t\t\t\t<div class=\"elementor-element elementor-element-3531b1b elementor-headline--style-highlight elementor-widget elementor-widget-animated-headline\" data-id=\"3531b1b\" data-element_type=\"widget\" data-e-type=\"widget\" data-settings=\"{&quot;highlighted_text&quot;:&quot;Pole\\u0107 nas znajomym&quot;,&quot;headline_style&quot;:&quot;highlight&quot;,&quot;marker&quot;:&quot;circle&quot;,&quot;loop&quot;:&quot;yes&quot;,&quot;highlight_animation_duration&quot;:1200,&quot;highlight_iteration_delay&quot;:8000}\" data-widget_type=\"animated-headline.default\">\n\t\t\t\t<div class=\"elementor-widget-container\">\n\t\t\t\t\t\t\t<h3 class=\"elementor-headline\">\n\t\t\t\t<span class=\"elementor-headline-dynamic-wrapper elementor-headline-text-wrapper\">\n\t\t\t\t\t<span class=\"elementor-headline-dynamic-text elementor-headline-text-active\">Pole\u0107 nas znajomym<\/span>\n\t\t\t\t<\/span>\n\t\t\t\t<\/h3>\n\t\t\t\t\t\t<\/div>\n\t\t\t\t<\/div>\n\t\t\t\t\t<\/div>\n\t\t\t\t<\/div>\n\t\t\t\t<\/div>\n\t\t<div class=\"elementor-element elementor-element-3e8b140 e-flex e-con-boxed e-con e-parent\" data-id=\"3e8b140\" data-element_type=\"container\" data-e-type=\"container\">\n\t\t\t\t\t<div class=\"e-con-inner\">\n\t\t<div class=\"elementor-element elementor-element-dab7e5c e-flex e-con-boxed e-con e-child\" data-id=\"dab7e5c\" data-element_type=\"container\" data-e-type=\"container\">\n\t\t\t\t\t<div class=\"e-con-inner\">\n\t\t\t\t<div class=\"elementor-element elementor-element-de13f48 elementor-widget elementor-widget-image\" data-id=\"de13f48\" data-element_type=\"widget\" data-e-type=\"widget\" data-widget_type=\"image.default\">\n\t\t\t\t<div class=\"elementor-widget-container\">\n\t\t\t\t\t\t\t\t\t\t\t\t\t\t\t<img fetchpriority=\"high\" decoding=\"async\" width=\"1020\" height=\"729\" src=\"https:\/\/wlodarczykubezpieczenia.pl\/wp-content\/uploads\/2024\/04\/DSC02674a.jpg\" class=\"attachment-large size-large wp-image-5497\" alt=\"\" srcset=\"https:\/\/wlodarczykubezpieczenia.pl\/wp-content\/uploads\/2024\/04\/DSC02674a.jpg 1020w, https:\/\/wlodarczykubezpieczenia.pl\/wp-content\/uploads\/2024\/04\/DSC02674a-300x214.jpg 300w, https:\/\/wlodarczykubezpieczenia.pl\/wp-content\/uploads\/2024\/04\/DSC02674a-768x549.jpg 768w\" sizes=\"(max-width: 1020px) 100vw, 1020px\" \/>\t\t\t\t\t\t\t\t\t\t\t\t\t\t\t<\/div>\n\t\t\t\t<\/div>\n\t\t\t\t\t<\/div>\n\t\t\t\t<\/div>\n\t\t<div class=\"elementor-element elementor-element-c5b2f56 e-flex e-con-boxed e-con e-child\" data-id=\"c5b2f56\" data-element_type=\"container\" data-e-type=\"container\">\n\t\t\t\t\t<div class=\"e-con-inner\">\n\t\t\t\t<div class=\"elementor-element elementor-element-9f696d6 elementor-widget elementor-widget-heading\" data-id=\"9f696d6\" data-element_type=\"widget\" data-e-type=\"widget\" data-widget_type=\"heading.default\">\n\t\t\t\t<div class=\"elementor-widget-container\">\n\t\t\t\t\t<h3 class=\"elementor-heading-title elementor-size-default\">POLE\u0106 NAS ZNAJOMYM I TANKUJ PALIWO ZA DARMO!<\/h3>\t\t\t\t<\/div>\n\t\t\t\t<\/div>\n\t\t\t\t<div class=\"elementor-element elementor-element-27c50bf elementor-widget elementor-widget-heading\" data-id=\"27c50bf\" data-element_type=\"widget\" data-e-type=\"widget\" data-widget_type=\"heading.default\">\n\t\t\t\t<div class=\"elementor-widget-container\">\n\t\t\t\t\t<h4 class=\"elementor-heading-title elementor-size-default\">Do otrzymania karty podarunkowe ORLEN o nomina\u0142ach<br>50 z\u0142, 100 z\u0142, 200 z\u0142 \n<\/h4>\t\t\t\t<\/div>\n\t\t\t\t<\/div>\n\t\t\t\t<div class=\"elementor-element elementor-element-fe88b4c elementor-widget elementor-widget-image\" data-id=\"fe88b4c\" data-element_type=\"widget\" data-e-type=\"widget\" data-widget_type=\"image.default\">\n\t\t\t\t<div class=\"elementor-widget-container\">\n\t\t\t\t\t\t\t\t\t\t\t\t\t\t\t<img decoding=\"async\" width=\"1024\" height=\"1024\" src=\"https:\/\/wlodarczykubezpieczenia.pl\/wp-content\/uploads\/2024\/03\/karta-1024x1024.png\" class=\"attachment-large size-large wp-image-5315\" alt=\"\" srcset=\"https:\/\/wlodarczykubezpieczenia.pl\/wp-content\/uploads\/2024\/03\/karta-1024x1024.png 1024w, https:\/\/wlodarczykubezpieczenia.pl\/wp-content\/uploads\/2024\/03\/karta-300x300.png 300w, https:\/\/wlodarczykubezpieczenia.pl\/wp-content\/uploads\/2024\/03\/karta-150x150.png 150w, https:\/\/wlodarczykubezpieczenia.pl\/wp-content\/uploads\/2024\/03\/karta-768x768.png 768w, https:\/\/wlodarczykubezpieczenia.pl\/wp-content\/uploads\/2024\/03\/karta-1536x1536.png 1536w, https:\/\/wlodarczykubezpieczenia.pl\/wp-content\/uploads\/2024\/03\/karta.png 2039w\" sizes=\"(max-width: 1024px) 100vw, 1024px\" \/>\t\t\t\t\t\t\t\t\t\t\t\t\t\t\t<\/div>\n\t\t\t\t<\/div>\n\t\t\t\t<div class=\"elementor-element elementor-element-c96223e elementor-widget elementor-widget-heading\" data-id=\"c96223e\" data-element_type=\"widget\" data-e-type=\"widget\" data-widget_type=\"heading.default\">\n\t\t\t\t<div class=\"elementor-widget-container\">\n\t\t\t\t\t<h4 class=\"elementor-heading-title elementor-size-default\"><a href=\"https:\/\/wlodarczykubezpieczenia.pl\/?page_id=5606\">Regulamin Programu Promocyjnego \"POLE\u0106 NAS ZNAJOMYM\"<\/a><\/h4>\t\t\t\t<\/div>\n\t\t\t\t<\/div>\n\t\t\t\t\t<\/div>\n\t\t\t\t<\/div>\n\t\t\t\t\t<\/div>\n\t\t\t\t<\/div>\n\t\t<div class=\"elementor-element elementor-element-057cac3 e-con-full e-flex e-con e-parent\" data-id=\"057cac3\" data-element_type=\"container\" data-e-type=\"container\">\n\t\t<div class=\"elementor-element elementor-element-9d9e9a4 e-flex e-con-boxed e-con e-child\" data-id=\"9d9e9a4\" data-element_type=\"container\" data-e-type=\"container\">\n\t\t\t\t\t<div class=\"e-con-inner\">\n\t\t\t\t\t<\/div>\n\t\t\t\t<\/div>\n\t\t\t\t<\/div>\n\t\t<div class=\"elementor-element elementor-element-3c228457 e-con-full e-flex e-con e-parent\" data-id=\"3c228457\" data-element_type=\"container\" data-e-type=\"container\" data-settings=\"{&quot;background_background&quot;:&quot;classic&quot;}\">\n\t\t\t\t<div class=\"elementor-element elementor-element-3efeebbd elementor-widget elementor-widget-image-carousel\" data-id=\"3efeebbd\" data-element_type=\"widget\" data-e-type=\"widget\" data-settings=\"{&quot;slides_to_show&quot;:&quot;5&quot;,&quot;slides_to_scroll&quot;:&quot;1&quot;,&quot;autoplay_speed&quot;:1000,&quot;speed&quot;:3000,&quot;navigation&quot;:&quot;none&quot;,&quot;autoplay&quot;:&quot;yes&quot;,&quot;pause_on_hover&quot;:&quot;yes&quot;,&quot;pause_on_interaction&quot;:&quot;yes&quot;,&quot;infinite&quot;:&quot;yes&quot;}\" data-widget_type=\"image-carousel.default\">\n\t\t\t\t<div class=\"elementor-widget-container\">\n\t\t\t\t\t\t\t<div class=\"elementor-image-carousel-wrapper swiper\" role=\"region\" aria-roledescription=\"carousel\" aria-label=\"Karuzela obrazk\u00f3w\" dir=\"ltr\">\n\t\t\t<div class=\"elementor-image-carousel swiper-wrapper\" aria-live=\"off\">\n\t\t\t\t\t\t\t\t<div class=\"swiper-slide\" role=\"group\" aria-roledescription=\"slide\" aria-label=\"1 z 25\"><figure class=\"swiper-slide-inner\"><img decoding=\"async\" class=\"swiper-slide-image\" src=\"https:\/\/wlodarczykubezpieczenia.pl\/wp-content\/uploads\/2024\/02\/1381balcia-5.png\" alt=\"1381,balcia\" \/><\/figure><\/div><div class=\"swiper-slide\" role=\"group\" aria-roledescription=\"slide\" aria-label=\"2 z 25\"><figure class=\"swiper-slide-inner\"><img decoding=\"async\" class=\"swiper-slide-image\" src=\"https:\/\/wlodarczykubezpieczenia.pl\/wp-content\/uploads\/2024\/02\/AgroPion-1-4.png\" alt=\"AgroPion-1\" \/><\/figure><\/div><div class=\"swiper-slide\" role=\"group\" aria-roledescription=\"slide\" aria-label=\"3 z 25\"><figure class=\"swiper-slide-inner\"><img decoding=\"async\" class=\"swiper-slide-image\" src=\"https:\/\/wlodarczykubezpieczenia.pl\/wp-content\/uploads\/2024\/02\/allianz_logo-4-300x76.png\" alt=\"allianz_logo\" \/><\/figure><\/div><div class=\"swiper-slide\" role=\"group\" aria-roledescription=\"slide\" aria-label=\"4 z 25\"><figure class=\"swiper-slide-inner\"><img decoding=\"async\" class=\"swiper-slide-image\" src=\"https:\/\/wlodarczykubezpieczenia.pl\/wp-content\/uploads\/2024\/02\/Beznazwy-2-4-300x86.png\" alt=\"Beznazwy-2\" \/><\/figure><\/div><div class=\"swiper-slide\" role=\"group\" aria-roledescription=\"slide\" aria-label=\"5 z 25\"><figure class=\"swiper-slide-inner\"><img decoding=\"async\" class=\"swiper-slide-image\" src=\"https:\/\/wlodarczykubezpieczenia.pl\/wp-content\/uploads\/2024\/02\/compensa-300x300-1-4.png\" alt=\"compensa-300x300-1\" \/><\/figure><\/div><div class=\"swiper-slide\" role=\"group\" aria-roledescription=\"slide\" aria-label=\"6 z 25\"><figure class=\"swiper-slide-inner\"><img decoding=\"async\" class=\"swiper-slide-image\" src=\"https:\/\/wlodarczykubezpieczenia.pl\/wp-content\/uploads\/2024\/02\/generali-sp-4.png\" alt=\"generali-sp\" \/><\/figure><\/div><div class=\"swiper-slide\" role=\"group\" aria-roledescription=\"slide\" aria-label=\"7 z 25\"><figure class=\"swiper-slide-inner\"><img decoding=\"async\" class=\"swiper-slide-image\" src=\"https:\/\/wlodarczykubezpieczenia.pl\/wp-content\/uploads\/2024\/02\/img_37-4.png\" alt=\"img_37\" \/><\/figure><\/div><div class=\"swiper-slide\" role=\"group\" aria-roledescription=\"slide\" aria-label=\"8 z 25\"><figure class=\"swiper-slide-inner\"><img decoding=\"async\" class=\"swiper-slide-image\" src=\"https:\/\/wlodarczykubezpieczenia.pl\/wp-content\/uploads\/2024\/02\/img_278-4.png\" alt=\"img_278\" \/><\/figure><\/div><div class=\"swiper-slide\" role=\"group\" aria-roledescription=\"slide\" aria-label=\"9 z 25\"><figure class=\"swiper-slide-inner\"><img decoding=\"async\" class=\"swiper-slide-image\" src=\"https:\/\/wlodarczykubezpieczenia.pl\/wp-content\/uploads\/2024\/02\/img_294-4.png\" alt=\"img_294\" \/><\/figure><\/div><div class=\"swiper-slide\" role=\"group\" aria-roledescription=\"slide\" aria-label=\"10 z 25\"><figure class=\"swiper-slide-inner\"><img decoding=\"async\" class=\"swiper-slide-image\" src=\"https:\/\/wlodarczykubezpieczenia.pl\/wp-content\/uploads\/2024\/02\/img_317-4.png\" alt=\"img_317\" \/><\/figure><\/div><div class=\"swiper-slide\" role=\"group\" aria-roledescription=\"slide\" aria-label=\"11 z 25\"><figure class=\"swiper-slide-inner\"><img decoding=\"async\" class=\"swiper-slide-image\" src=\"https:\/\/wlodarczykubezpieczenia.pl\/wp-content\/uploads\/2024\/02\/img_516-4.png\" alt=\"img_516\" \/><\/figure><\/div><div class=\"swiper-slide\" role=\"group\" aria-roledescription=\"slide\" aria-label=\"12 z 25\"><figure class=\"swiper-slide-inner\"><img decoding=\"async\" class=\"swiper-slide-image\" src=\"https:\/\/wlodarczykubezpieczenia.pl\/wp-content\/uploads\/2024\/02\/img_517-4.png\" alt=\"img_517\" \/><\/figure><\/div><div class=\"swiper-slide\" role=\"group\" aria-roledescription=\"slide\" aria-label=\"13 z 25\"><figure class=\"swiper-slide-inner\"><img decoding=\"async\" class=\"swiper-slide-image\" src=\"https:\/\/wlodarczykubezpieczenia.pl\/wp-content\/uploads\/2024\/02\/Leadenhall-1200x675-kopia-4.png\" alt=\"Leadenhall-1200x675-kopia\" \/><\/figure><\/div><div class=\"swiper-slide\" role=\"group\" aria-roledescription=\"slide\" aria-label=\"14 z 25\"><figure class=\"swiper-slide-inner\"><img decoding=\"async\" class=\"swiper-slide-image\" src=\"https:\/\/wlodarczykubezpieczenia.pl\/wp-content\/uploads\/2024\/02\/logo-euroins-4.png\" alt=\"logo-euroins\" \/><\/figure><\/div><div class=\"swiper-slide\" role=\"group\" aria-roledescription=\"slide\" aria-label=\"15 z 25\"><figure class=\"swiper-slide-inner\"><img decoding=\"async\" class=\"swiper-slide-image\" src=\"https:\/\/wlodarczykubezpieczenia.pl\/wp-content\/uploads\/2024\/02\/logo-inter-risk-4.png\" alt=\"logo-inter-risk\" \/><\/figure><\/div><div class=\"swiper-slide\" role=\"group\" aria-roledescription=\"slide\" aria-label=\"16 z 25\"><figure class=\"swiper-slide-inner\"><img decoding=\"async\" class=\"swiper-slide-image\" src=\"https:\/\/wlodarczykubezpieczenia.pl\/wp-content\/uploads\/2024\/02\/logo-link4-4.png\" alt=\"logo-link4\" \/><\/figure><\/div><div class=\"swiper-slide\" role=\"group\" aria-roledescription=\"slide\" aria-label=\"17 z 25\"><figure class=\"swiper-slide-inner\"><img decoding=\"async\" class=\"swiper-slide-image\" src=\"https:\/\/wlodarczykubezpieczenia.pl\/wp-content\/uploads\/2024\/04\/prudential.png\" alt=\"prudential\" \/><\/figure><\/div><div class=\"swiper-slide\" role=\"group\" aria-roledescription=\"slide\" aria-label=\"18 z 25\"><figure class=\"swiper-slide-inner\"><img decoding=\"async\" class=\"swiper-slide-image\" src=\"https:\/\/wlodarczykubezpieczenia.pl\/wp-content\/uploads\/2024\/02\/logo-TRASTI-2-1-4.png\" alt=\"logo-TRASTI-2-1\" \/><\/figure><\/div><div class=\"swiper-slide\" role=\"group\" aria-roledescription=\"slide\" aria-label=\"19 z 25\"><figure class=\"swiper-slide-inner\"><img decoding=\"async\" class=\"swiper-slide-image\" src=\"https:\/\/wlodarczykubezpieczenia.pl\/wp-content\/uploads\/2024\/02\/mtu-4.png\" alt=\"mtu\" \/><\/figure><\/div><div class=\"swiper-slide\" role=\"group\" aria-roledescription=\"slide\" aria-label=\"20 z 25\"><figure class=\"swiper-slide-inner\"><img decoding=\"async\" class=\"swiper-slide-image\" src=\"https:\/\/wlodarczykubezpieczenia.pl\/wp-content\/uploads\/2024\/02\/purepng.com-unum-group-logologobrand-logoiconslogos-251519938333biqek-4.png\" alt=\"purepng.com-unum-group-logologobrand-logoiconslogos-251519938333biqek\" \/><\/figure><\/div><div class=\"swiper-slide\" role=\"group\" aria-roledescription=\"slide\" aria-label=\"21 z 25\"><figure class=\"swiper-slide-inner\"><img decoding=\"async\" class=\"swiper-slide-image\" src=\"https:\/\/wlodarczykubezpieczenia.pl\/wp-content\/uploads\/2024\/02\/pzu-4.png\" alt=\"pzu\" \/><\/figure><\/div><div class=\"swiper-slide\" role=\"group\" aria-roledescription=\"slide\" aria-label=\"22 z 25\"><figure class=\"swiper-slide-inner\"><img decoding=\"async\" class=\"swiper-slide-image\" src=\"https:\/\/wlodarczykubezpieczenia.pl\/wp-content\/uploads\/2024\/02\/tuz-ubezpieczenia-logo-84778EFBA3-seeklogo.com_-4.png\" alt=\"tuz-ubezpieczenia-logo-84778EFBA3-seeklogo.com\" \/><\/figure><\/div><div class=\"swiper-slide\" role=\"group\" aria-roledescription=\"slide\" aria-label=\"23 z 25\"><figure class=\"swiper-slide-inner\"><img decoding=\"async\" class=\"swiper-slide-image\" src=\"https:\/\/wlodarczykubezpieczenia.pl\/wp-content\/uploads\/2024\/02\/UNIQA-4.png\" alt=\"UNIQA\" \/><\/figure><\/div><div class=\"swiper-slide\" role=\"group\" aria-roledescription=\"slide\" aria-label=\"24 z 25\"><figure class=\"swiper-slide-inner\"><img decoding=\"async\" class=\"swiper-slide-image\" src=\"https:\/\/wlodarczykubezpieczenia.pl\/wp-content\/uploads\/2024\/02\/Wefox_Logo.svg-4-300x82.png\" alt=\"Wefox_Logo.svg\" \/><\/figure><\/div><div class=\"swiper-slide\" role=\"group\" aria-roledescription=\"slide\" aria-label=\"25 z 25\"><figure class=\"swiper-slide-inner\"><img decoding=\"async\" class=\"swiper-slide-image\" src=\"https:\/\/wlodarczykubezpieczenia.pl\/wp-content\/uploads\/2024\/02\/wiener-podstronaotowarzystwieubezpieczeniowym-4.png\" alt=\"wiener-podstronaotowarzystwieubezpieczeniowym\" \/><\/figure><\/div>\t\t\t<\/div>\n\t\t\t\t\t\t\t\n\t\t\t\t\t\t\t\t\t<\/div>\n\t\t\t\t\t\t<\/div>\n\t\t\t\t<\/div>\n\t\t\t\t<\/div>\n\t\t\t\t<\/div>\n\t\t","protected":false},"excerpt":{"rendered":"<p>Pole\u0107 nas znajomym POLE\u0106 NAS ZNAJOMYM I TANKUJ PALIWO ZA DARMO! Do otrzymania karty podarunkowe ORLEN o nomina\u0142ach50 z\u0142, 100 z\u0142, 200 z\u0142 Regulamin Programu Promocyjnego &#8222;POLE\u0106 NAS ZNAJOMYM&#8221;<\/p>\n","protected":false},"author":1,"featured_media":0,"parent":0,"menu_order":0,"comment_status":"closed","ping_status":"closed","template":"","meta":{"site-sidebar-layout":"no-sidebar","site-content-layout":"page-builder","ast-site-content-layout":"full-width-container","site-content-style":"default","site-sidebar-style":"default","ast-global-header-display":"","ast-banner-title-visibility":"","ast-main-header-display":"","ast-hfb-above-header-display":"","ast-hfb-below-header-display":"","ast-hfb-mobile-header-display":"","site-post-title":"disabled","ast-breadcrumbs-content":"","ast-featured-img":"disabled","footer-sml-layout":"","theme-transparent-header-meta":"","adv-header-id-meta":"","stick-header-meta":"","header-above-stick-meta":"","header-main-stick-meta":"","header-below-stick-meta":"","astra-migrate-meta-layouts":"set","ast-page-background-enabled":"default","ast-page-background-meta":{"desktop":{"background-color":"var(--ast-global-color-4)","background-image":"","background-repeat":"repeat","background-position":"center center","background-size":"auto","background-attachment":"scroll","background-type":"","background-media":"","overlay-type":"","overlay-color":"","overlay-opacity":"","overlay-gradient":""},"tablet":{"background-color":"","background-image":"","background-repeat":"repeat","background-position":"center center","background-size":"auto","background-attachment":"scroll","background-type":"","background-media":"","overlay-type":"","overlay-color":"","overlay-opacity":"","overlay-gradient":""},"mobile":{"background-color":"","background-image":"","background-repeat":"repeat","background-position":"center center","background-size":"auto","background-attachment":"scroll","background-type":"","background-media":"","overlay-type":"","overlay-color":"","overlay-opacity":"","overlay-gradient":""}},"ast-content-background-meta":{"desktop":{"background-color":"var(--ast-global-color-5)","background-image":"","background-repeat":"repeat","background-position":"center center","background-size":"auto","background-attachment":"scroll","background-type":"","background-media":"","overlay-type":"","overlay-color":"","overlay-opacity":"","overlay-gradient":""},"tablet":{"background-color":"var(--ast-global-color-5)","background-image":"","background-repeat":"repeat","background-position":"center center","background-size":"auto","background-attachment":"scroll","background-type":"","background-media":"","overlay-type":"","overlay-color":"","overlay-opacity":"","overlay-gradient":""},"mobile":{"background-color":"var(--ast-global-color-5)","background-image":"","background-repeat":"repeat","background-position":"center center","background-size":"auto","background-attachment":"scroll","background-type":"","background-media":"","overlay-type":"","overlay-color":"","overlay-opacity":"","overlay-gradient":""}},"footnotes":""},"class_list":["post-4360","page","type-page","status-publish","hentry"],"_links":{"self":[{"href":"https:\/\/wlodarczykubezpieczenia.pl\/index.php?rest_route=\/wp\/v2\/pages\/4360","targetHints":{"allow":["GET"]}}],"collection":[{"href":"https:\/\/wlodarczykubezpieczenia.pl\/index.php?rest_route=\/wp\/v2\/pages"}],"about":[{"href":"https:\/\/wlodarczykubezpieczenia.pl\/index.php?rest_route=\/wp\/v2\/types\/page"}],"author":[{"embeddable":true,"href":"https:\/\/wlodarczykubezpieczenia.pl\/index.php?rest_route=\/wp\/v2\/users\/1"}],"replies":[{"embeddable":true,"href":"https:\/\/wlodarczykubezpieczenia.pl\/index.php?rest_route=%2Fwp%2Fv2%2Fcomments&post=4360"}],"version-history":[{"count":49,"href":"https:\/\/wlodarczykubezpieczenia.pl\/index.php?rest_route=\/wp\/v2\/pages\/4360\/revisions"}],"predecessor-version":[{"id":5633,"href":"https:\/\/wlodarczykubezpieczenia.pl\/index.php?rest_route=\/wp\/v2\/pages\/4360\/revisions\/5633"}],"wp:attachment":[{"href":"https:\/\/wlodarczykubezpieczenia.pl\/index.php?rest_route=%2Fwp%2Fv2%2Fmedia&parent=4360"}],"curies":[{"name":"wp","href":"https:\/\/api.w.org\/{rel}","templated":true}]}}